{"id":249,"date":"2025-05-16T23:22:16","date_gmt":"2025-05-16T21:22:16","guid":{"rendered":"https:\/\/relay-hay.com\/?page_id=249"},"modified":"2025-06-09T13:20:26","modified_gmt":"2025-06-09T11:20:26","slug":"game","status":"publish","type":"page","link":"https:\/\/relay-hay.com\/fr\/game\/","title":{"rendered":"Game"},"content":{"rendered":"<p>[et_pb_section fb_built=&#8221;1&#8243; _builder_version=&#8221;4.27.4&#8243; _module_preset=&#8221;default&#8221; background_color=&#8221;RGBA(255,255,255,0)&#8221; custom_padding=&#8221;0px||0px||false|false&#8221; da_disable_devices=&#8221;off|off|off&#8221; global_colors_info=&#8221;{}&#8221; da_is_popup=&#8221;off&#8221; da_exit_intent=&#8221;off&#8221; da_has_close=&#8221;on&#8221; da_alt_close=&#8221;off&#8221; da_dark_close=&#8221;off&#8221; da_not_modal=&#8221;on&#8221; da_is_singular=&#8221;off&#8221; da_with_loader=&#8221;off&#8221; da_has_shadow=&#8221;on&#8221;][et_pb_row make_equal=&#8221;on&#8221; _builder_version=&#8221;4.27.4&#8243; _module_preset=&#8221;default&#8221; width=&#8221;85%&#8221; custom_margin=&#8221;||0px||false|false&#8221; custom_padding=&#8221;10px||0px||false|false&#8221; global_colors_info=&#8221;{}&#8221;][et_pb_column type=&#8221;4_4&#8243; _builder_version=&#8221;4.27.4&#8243; _module_preset=&#8221;default&#8221; global_colors_info=&#8221;{}&#8221;][et_pb_text _builder_version=&#8221;4.27.4&#8243; _module_preset=&#8221;default&#8221; text_font=&#8221;Raleway||||||||&#8221; header_font=&#8221;Raleway|800|||||||&#8221; header_text_color=&#8221;#000000&#8243; header_font_size=&#8221;16px&#8221; header_letter_spacing=&#8221;-0.1px&#8221; positioning=&#8221;absolute&#8221; vertical_offset=&#8221;-30px&#8221; width=&#8221;100%&#8221; global_colors_info=&#8221;{}&#8221;]<\/p>\n<h1>Game<\/h1>\n<p>[\/et_pb_text][\/et_pb_column][\/et_pb_row][et_pb_row make_equal=&#8221;on&#8221; _builder_version=&#8221;4.27.4&#8243; _module_preset=&#8221;default&#8221; width=&#8221;92%&#8221; custom_margin=&#8221;||0px||false|false&#8221; custom_padding=&#8221;0px||0px||false|false&#8221; global_colors_info=&#8221;{}&#8221;][et_pb_column type=&#8221;4_4&#8243; _builder_version=&#8221;4.27.4&#8243; _module_preset=&#8221;default&#8221; global_colors_info=&#8221;{}&#8221;][et_pb_text _builder_version=&#8221;4.27.4&#8243; _module_preset=&#8221;default&#8221; text_font=&#8221;Raleway|600|||||||&#8221; text_text_color=&#8221;#777777&#8243; text_font_size=&#8221;13.3px&#8221; text_letter_spacing=&#8221;-0.1px&#8221; position_origin_a=&#8221;top_center&#8221; vertical_offset=&#8221;12px&#8221; text_orientation=&#8221;center&#8221; width=&#8221;100%&#8221; max_width=&#8221;313px&#8221; module_alignment=&#8221;center&#8221; custom_margin=&#8221;|0px||0px|false|true&#8221; custom_padding=&#8221;1px|10px|1px|10px|false|true&#8221; custom_css_main_element=&#8221;width: fit-content !important;&#8221; border_radii=&#8221;on|500px|500px|500px|500px&#8221; border_width_all=&#8221;1px&#8221; border_color_all=&#8221;#777777&#8243; global_colors_info=&#8221;{}&#8221;]<\/p>\n<p>Touch the red circles to play with HAY<\/p>\n<p>[\/et_pb_text][\/et_pb_column][\/et_pb_row][et_pb_row make_equal=&#8221;on&#8221; _builder_version=&#8221;4.27.4&#8243; _module_preset=&#8221;default&#8221; width=&#8221;100%&#8221; custom_margin=&#8221;-15px||0px||false|false&#8221; custom_padding=&#8221;0px||0px||false|false&#8221; global_colors_info=&#8221;{}&#8221;][et_pb_column type=&#8221;4_4&#8243; _builder_version=&#8221;4.27.4&#8243; _module_preset=&#8221;default&#8221; global_colors_info=&#8221;{}&#8221;][dipi_lottie_icon json_file=&#8221;https:\/\/relay-hay.com\/wp-content\/uploads\/2025\/06\/HAY_NEUTRE.json&#8221; stop_on_hover=&#8221;off&#8221; module_id=&#8221;Animation0&#8243; _builder_version=&#8221;4.27.4&#8243; _module_preset=&#8221;default&#8221; positioning=&#8221;absolute&#8221; position_origin_a=&#8221;top_center&#8221; width=&#8221;100%&#8221; max_width=&#8221;100%&#8221; global_colors_info=&#8221;{}&#8221;][\/dipi_lottie_icon][dipi_lottie_icon json_file=&#8221;https:\/\/relay-hay.com\/wp-content\/uploads\/2025\/06\/HAY_PIN_opt.json&#8221; stop_on_hover=&#8221;off&#8221; module_id=&#8221;Animation1&#8243; _builder_version=&#8221;4.27.4&#8243; _module_preset=&#8221;default&#8221; positioning=&#8221;absolute&#8221; position_origin_a=&#8221;top_center&#8221; width=&#8221;100%&#8221; max_width=&#8221;100%&#8221; global_colors_info=&#8221;{}&#8221;][\/dipi_lottie_icon][dipi_lottie_icon json_file=&#8221;https:\/\/relay-hay.com\/wp-content\/uploads\/2025\/06\/HAY_valise.json&#8221; stop_on_hover=&#8221;off&#8221; module_id=&#8221;Animation2&#8243; _builder_version=&#8221;4.27.4&#8243; _module_preset=&#8221;default&#8221; positioning=&#8221;absolute&#8221; position_origin_a=&#8221;top_center&#8221; width=&#8221;100%&#8221; max_width=&#8221;100%&#8221; global_colors_info=&#8221;{}&#8221;][\/dipi_lottie_icon][dipi_lottie_icon json_file=&#8221;https:\/\/relay-hay.com\/wp-content\/uploads\/2025\/06\/HAY_etiquette.json&#8221; stop_on_hover=&#8221;off&#8221; module_id=&#8221;Animation3&#8243; _builder_version=&#8221;4.27.4&#8243; _module_preset=&#8221;default&#8221; positioning=&#8221;absolute&#8221; position_origin_a=&#8221;top_center&#8221; width=&#8221;100%&#8221; max_width=&#8221;100%&#8221; global_colors_info=&#8221;{}&#8221;][\/dipi_lottie_icon][dipi_image_hotspot img_src=&#8221;https:\/\/relay-hay.com\/wp-content\/uploads\/2025\/05\/Background-Hotspot-module-288&#215;277-1.png&#8221; _builder_version=&#8221;4.27.4&#8243; _module_preset=&#8221;default&#8221; max_width=&#8221;100%&#8221; module_alignment=&#8221;center&#8221; custom_margin=&#8221;0px||0px||false|false&#8221; custom_padding=&#8221;0px||0px||true|false&#8221; animation_style=&#8221;fade&#8221; animation_duration=&#8221;1500ms&#8221; animation_delay=&#8221;1500ms&#8221; global_colors_info=&#8221;{}&#8221;][dipi_image_hotspot_child module_id=&#8221;Hotspot1&#8243; hotspot_image=&#8221;https:\/\/relay-hay.com\/wp-content\/uploads\/2025\/05\/Hotspot-Relay.svg&#8221; hotspot_position_vertical=&#8221;15.7%&#8221; hotspot_position_horizontal=&#8221;60.6%&#8221; _builder_version=&#8221;4.27.4&#8243; _module_preset=&#8221;default&#8221; max_width=&#8221;20px&#8221; global_colors_info=&#8221;{}&#8221;][\/dipi_image_hotspot_child][dipi_image_hotspot_child module_id=&#8221;Hotspot2&#8243; hotspot_image=&#8221;https:\/\/relay-hay.com\/wp-content\/uploads\/2025\/05\/Hotspot-Relay.svg&#8221; hotspot_position_vertical=&#8221;55.6%&#8221; hotspot_position_horizontal=&#8221;37.5%&#8221; _builder_version=&#8221;4.27.4&#8243; _module_preset=&#8221;default&#8221; max_width=&#8221;20px&#8221; global_colors_info=&#8221;{}&#8221;][\/dipi_image_hotspot_child][dipi_image_hotspot_child module_id=&#8221;Hotspot3&#8243; hotspot_image=&#8221;https:\/\/relay-hay.com\/wp-content\/uploads\/2025\/05\/Hotspot-Relay.svg&#8221; hotspot_position_vertical=&#8221;66.4%&#8221; hotspot_position_horizontal=&#8221;56.7%&#8221; _builder_version=&#8221;4.27.4&#8243; _module_preset=&#8221;default&#8221; max_width=&#8221;20px&#8221; global_colors_info=&#8221;{}&#8221;][\/dipi_image_hotspot_child][\/dipi_image_hotspot][et_pb_code admin_label=&#8221;Code&#8221; _builder_version=&#8221;4.27.4&#8243; _module_preset=&#8221;default&#8221; global_colors_info=&#8221;{}&#8221;]<script><!-- [et_pb_line_break_holder] -->document.addEventListener('DOMContentLoaded', function () {<!-- [et_pb_line_break_holder] -->  const hotspots = document.querySelectorAll('#Hotspot1, #Hotspot2, #Hotspot3');<!-- [et_pb_line_break_holder] -->  const animations = {<!-- [et_pb_line_break_holder] -->    Hotspot1: document.getElementById('Animation1'),<!-- [et_pb_line_break_holder] -->    Hotspot2: document.getElementById('Animation2'),<!-- [et_pb_line_break_holder] -->    Hotspot3: document.getElementById('Animation3'),<!-- [et_pb_line_break_holder] -->  };<!-- [et_pb_line_break_holder] --><!-- [et_pb_line_break_holder] -->  const defaultAnimation = document.getElementById('Animation0');<!-- [et_pb_line_break_holder] -->  let currentAnimation = defaultAnimation;<!-- [et_pb_line_break_holder] --><!-- [et_pb_line_break_holder] -->  hotspots.forEach(hotspot => {<!-- [et_pb_line_break_holder] -->    hotspot.addEventListener('click', () => {<!-- [et_pb_line_break_holder] -->      \/\/ Retirer l'\u00e9tat actif de l'animation courante<!-- [et_pb_line_break_holder] -->      if (currentAnimation) {<!-- [et_pb_line_break_holder] -->        currentAnimation.classList.remove('animation-active');<!-- [et_pb_line_break_holder] -->        currentAnimation.style.opacity = 0;<!-- [et_pb_line_break_holder] -->        currentAnimation.style.pointerEvents = 'none';<!-- [et_pb_line_break_holder] -->        currentAnimation.style.zIndex = -1;<!-- [et_pb_line_break_holder] -->      }<!-- [et_pb_line_break_holder] --><!-- [et_pb_line_break_holder] -->      \/\/ Activer la nouvelle animation<!-- [et_pb_line_break_holder] -->      const newAnimation = animations[hotspot.id];<!-- [et_pb_line_break_holder] -->      if (newAnimation) {<!-- [et_pb_line_break_holder] -->        newAnimation.classList.add('animation-active');<!-- [et_pb_line_break_holder] -->        newAnimation.style.opacity = 1;<!-- [et_pb_line_break_holder] -->        newAnimation.style.pointerEvents = 'auto';<!-- [et_pb_line_break_holder] -->        newAnimation.style.zIndex = 0;<!-- [et_pb_line_break_holder] -->        currentAnimation = newAnimation;<!-- [et_pb_line_break_holder] -->      }<!-- [et_pb_line_break_holder] --><!-- [et_pb_line_break_holder] -->      \/\/ \u2705 Retirer la classe .active de tous les hotspots<!-- [et_pb_line_break_holder] -->      hotspots.forEach(h => h.classList.remove('active'));<!-- [et_pb_line_break_holder] --><!-- [et_pb_line_break_holder] -->      \/\/ \u2705 Ajouter la classe .active au hotspot cliqu\u00e9<!-- [et_pb_line_break_holder] -->      hotspot.classList.add('active');<!-- [et_pb_line_break_holder] -->    });<!-- [et_pb_line_break_holder] -->  });<!-- [et_pb_line_break_holder] -->});<!-- [et_pb_line_break_holder] --><\/script><!-- [et_pb_line_break_holder] -->[\/et_pb_code][\/et_pb_column][\/et_pb_row][et_pb_row make_equal=&#8221;on&#8221; _builder_version=&#8221;4.27.4&#8243; _module_preset=&#8221;default&#8221; vertical_offset=&#8221;0px&#8221; z_index=&#8221;100&#8243; vertical_offset_tablet=&#8221;-67px&#8221; vertical_offset_phone=&#8221;-67px&#8221; vertical_offset_last_edited=&#8221;on|phone&#8221; width=&#8221;85%&#8221; custom_margin=&#8221;-67px||||false|false&#8221; custom_margin_tablet=&#8221;0px||||false|false&#8221; custom_margin_phone=&#8221;0px||||false|false&#8221; custom_margin_last_edited=&#8221;on|tablet&#8221; custom_padding=&#8221;0px||0px||false|false&#8221; global_colors_info=&#8221;{}&#8221;][et_pb_column type=&#8221;4_4&#8243; _builder_version=&#8221;4.27.4&#8243; _module_preset=&#8221;default&#8221; global_colors_info=&#8221;{}&#8221;][et_pb_text _builder_version=&#8221;4.27.4&#8243; _module_preset=&#8221;default&#8221; text_font=&#8221;Raleway|800|||||||&#8221; text_text_color=&#8221;#000000&#8243; text_font_size=&#8221;19px&#8221; custom_margin=&#8221;||4px||false|false&#8221; global_colors_info=&#8221;{}&#8221;]<\/p>\n<p>Send me on a new journey<\/p>\n<p>[\/et_pb_text][et_pb_text _builder_version=&#8221;4.27.4&#8243; _module_preset=&#8221;default&#8221; text_font=&#8221;Raleway||||||||&#8221; link_font=&#8221;Raleway||||on||||&#8221; link_text_color=&#8221;#000000&#8243; link_font_size=&#8221;15px&#8221; hover_enabled=&#8221;0&#8243; global_colors_info=&#8221;{}&#8221; sticky_enabled=&#8221;0&#8243;]<\/p>\n<p><a href=\"https:\/\/www.facebook.com\/sharer.php?u=https:\/\/relay-hay.com\/\" target=\"_blank\" rel=\"noopener\"><img loading=\"lazy\" decoding=\"async\" src=\"https:\/\/relay-hay.com\/wp-content\/uploads\/2025\/06\/Groupe-327.svg\" width=\"23\" height=\"23\" alt=\"\" class=\"wp-image-971 alignnone size-medium\" \/><\/a>\u00a0 <a href=\"https:\/\/api.whatsapp.com\/send?text=https:\/\/relay-hay.com\/\" target=\"_blank\" rel=\"noopener\"><img loading=\"lazy\" decoding=\"async\" src=\"https:\/\/relay-hay.com\/wp-content\/uploads\/2025\/06\/Groupe-328.svg\" width=\"23\" height=\"23\" alt=\"\" class=\"wp-image-972 alignnone size-medium\" \/><\/a> \u00a0<a href=\"https:\/\/www.linkedin.com\/sharing\/share-offsite\/?url=https:\/\/relay-hay.com\/\" target=\"_blank\" rel=\"noopener\"><img loading=\"lazy\" decoding=\"async\" src=\"https:\/\/relay-hay.com\/wp-content\/uploads\/2025\/06\/Groupe-329.svg\" width=\"23\" height=\"23\" alt=\"\" class=\"wp-image-973 alignnone size-medium\" \/><\/a> \u00a0<a href=\"https:\/\/twitter.com\/intent\/tweet?url=https:\/\/relay-hay.com\/\" target=\"_blank\" rel=\"noopener\"><img loading=\"lazy\" decoding=\"async\" src=\"https:\/\/relay-hay.com\/wp-content\/uploads\/2025\/06\/Groupe-330.svg\" width=\"23\" height=\"23\" alt=\"\" class=\"wp-image-974 alignnone size-medium\" \/><\/a> \u00a0<a href=\"mailto:?subject=D\u00e9couvre%20Hay&amp;body=Voici%20hay%20\u00e0%20d\u00e9couvrir%20:%20https:\/\/relay-hay.com\/\" target=\"_blank\" rel=\"noopener\"><img loading=\"lazy\" decoding=\"async\" src=\"https:\/\/relay-hay.com\/wp-content\/uploads\/2025\/06\/Groupe-331.svg\" width=\"23\" height=\"23\" alt=\"\" class=\"wp-image-974 alignnone size-medium\" \/><\/a> \u00a0<a href=\"#\" onclick=\"navigator.clipboard.writeText('https:\/\/relay-hay.com\/'); alert('Lien copi\u00e9 !'); return false;\"><img loading=\"lazy\" decoding=\"async\" src=\"https:\/\/relay-hay.com\/wp-content\/uploads\/2025\/06\/Groupe-332.svg\" width=\"23\" height=\"23\" alt=\"\" class=\"wp-image-974 alignnone size-medium\" \/><\/a><\/p>\n<p>[\/et_pb_text][\/et_pb_column][\/et_pb_row][\/et_pb_section]<\/p>\n","protected":false},"excerpt":{"rendered":"<p>GameTouch the red circles to play with HAY<div id=\"Animation0\" class=\"et_pb_module dipi_lottie_icon dipi_lottie_icon_0\">\n\t\t\t\t\n\t\t\t\t\n\t\t\t\t\n\t\t\t\t\n\t\t\t\t\n\t\t\t\t\n\t\t\t\t<div class=\"et_pb_module_inner\">\n\t\t\t\t\t<div class=\"dipi-lottie-wrapper dipi_lottie_placement_top dipi_lottie_placement_top_tablet dipi_lottie_placement_top_phone\">\n                    <div class=\"dipi-lottie-icon\" data-options=\"{&quot;path&quot;:&quot;https:\\\/\\\/relay-hay.com\\\/wp-content\\\/uploads\\\/2025\\\/06\\\/HAY_NEUTRE.json&quot;,&quot;ext&quot;:&quot;json&quot;,&quot;loop&quot;:true,&quot;autoplay&quot;:true,&quot;anim_delay&quot;:&quot;0&quot;,&quot;anim_start&quot;:&quot;autostart&quot;,&quot;anim_start_viewport&quot;:&quot;75%&quot;,&quot;start_frame&quot;:&quot;1&quot;,&quot;speed&quot;:&quot;1&quot;,&quot;direction&quot;:&quot;1&quot;,&quot;play_on_hover&quot;:&quot;on&quot;,&quot;stop_on_hover&quot;:&quot;off&quot;,&quot;animate_on_scroll&quot;:&quot;off&quot;,&quot;visibility_start&quot;:&quot;0%&quot;,&quot;visibility_end&quot;:&quot;100%&quot;,&quot;frame_start&quot;:&quot;0&quot;,&quot;frame_end&quot;:&quot;100&quot;}\"><\/div>\n                    \n                <\/div>\n\t\t\t\t<\/div>\n\t\t\t<\/div><div id=\"Animation1\" class=\"et_pb_module dipi_lottie_icon dipi_lottie_icon_1\">\n\t\t\t\t\n\t\t\t\t\n\t\t\t\t\n\t\t\t\t\n\t\t\t\t\n\t\t\t\t\n\t\t\t\t<div class=\"et_pb_module_inner\">\n\t\t\t\t\t<div class=\"dipi-lottie-wrapper dipi_lottie_placement_top dipi_lottie_placement_top_tablet dipi_lottie_placement_top_phone\">\n                    <div class=\"dipi-lottie-icon\" data-options=\"{&quot;path&quot;:&quot;https:\\\/\\\/relay-hay.com\\\/wp-content\\\/uploads\\\/2025\\\/06\\\/HAY_PIN_opt.json&quot;,&quot;ext&quot;:&quot;json&quot;,&quot;loop&quot;:true,&quot;autoplay&quot;:true,&quot;anim_delay&quot;:&quot;0&quot;,&quot;anim_start&quot;:&quot;autostart&quot;,&quot;anim_start_viewport&quot;:&quot;75%&quot;,&quot;start_frame&quot;:&quot;1&quot;,&quot;speed&quot;:&quot;1&quot;,&quot;direction&quot;:&quot;1&quot;,&quot;play_on_hover&quot;:&quot;on&quot;,&quot;stop_on_hover&quot;:&quot;off&quot;,&quot;animate_on_scroll&quot;:&quot;off&quot;,&quot;visibility_start&quot;:&quot;0%&quot;,&quot;visibility_end&quot;:&quot;100%&quot;,&quot;frame_start&quot;:&quot;0&quot;,&quot;frame_end&quot;:&quot;100&quot;}\"><\/div>\n                    \n                <\/div>\n\t\t\t\t<\/div>\n\t\t\t<\/div><div id=\"Animation2\" class=\"et_pb_module dipi_lottie_icon dipi_lottie_icon_2\">\n\t\t\t\t\n\t\t\t\t\n\t\t\t\t\n\t\t\t\t\n\t\t\t\t\n\t\t\t\t\n\t\t\t\t<div class=\"et_pb_module_inner\">\n\t\t\t\t\t<div class=\"dipi-lottie-wrapper dipi_lottie_placement_top dipi_lottie_placement_top_tablet dipi_lottie_placement_top_phone\">\n                    <div class=\"dipi-lottie-icon\" data-options=\"{&quot;path&quot;:&quot;https:\\\/\\\/relay-hay.com\\\/wp-content\\\/uploads\\\/2025\\\/06\\\/HAY_valise.json&quot;,&quot;ext&quot;:&quot;json&quot;,&quot;loop&quot;:true,&quot;autoplay&quot;:true,&quot;anim_delay&quot;:&quot;0&quot;,&quot;anim_start&quot;:&quot;autostart&quot;,&quot;anim_start_viewport&quot;:&quot;75%&quot;,&quot;start_frame&quot;:&quot;1&quot;,&quot;speed&quot;:&quot;1&quot;,&quot;direction&quot;:&quot;1&quot;,&quot;play_on_hover&quot;:&quot;on&quot;,&quot;stop_on_hover&quot;:&quot;off&quot;,&quot;animate_on_scroll&quot;:&quot;off&quot;,&quot;visibility_start&quot;:&quot;0%&quot;,&quot;visibility_end&quot;:&quot;100%&quot;,&quot;frame_start&quot;:&quot;0&quot;,&quot;frame_end&quot;:&quot;100&quot;}\"><\/div>\n                    \n                <\/div>\n\t\t\t\t<\/div>\n\t\t\t<\/div><div id=\"Animation3\" class=\"et_pb_module dipi_lottie_icon dipi_lottie_icon_3\">\n\t\t\t\t\n\t\t\t\t\n\t\t\t\t\n\t\t\t\t\n\t\t\t\t\n\t\t\t\t\n\t\t\t\t<div class=\"et_pb_module_inner\">\n\t\t\t\t\t<div class=\"dipi-lottie-wrapper dipi_lottie_placement_top dipi_lottie_placement_top_tablet dipi_lottie_placement_top_phone\">\n                    <div class=\"dipi-lottie-icon\" data-options=\"{&quot;path&quot;:&quot;https:\\\/\\\/relay-hay.com\\\/wp-content\\\/uploads\\\/2025\\\/06\\\/HAY_etiquette.json&quot;,&quot;ext&quot;:&quot;json&quot;,&quot;loop&quot;:true,&quot;autoplay&quot;:true,&quot;anim_delay&quot;:&quot;0&quot;,&quot;anim_start&quot;:&quot;autostart&quot;,&quot;anim_start_viewport&quot;:&quot;75%&quot;,&quot;start_frame&quot;:&quot;1&quot;,&quot;speed&quot;:&quot;1&quot;,&quot;direction&quot;:&quot;1&quot;,&quot;play_on_hover&quot;:&quot;on&quot;,&quot;stop_on_hover&quot;:&quot;off&quot;,&quot;animate_on_scroll&quot;:&quot;off&quot;,&quot;visibility_start&quot;:&quot;0%&quot;,&quot;visibility_end&quot;:&quot;100%&quot;,&quot;frame_start&quot;:&quot;0&quot;,&quot;frame_end&quot;:&quot;100&quot;}\"><\/div>\n                    \n                <\/div>\n\t\t\t\t<\/div>\n\t\t\t<\/div><div class=\"et_pb_module dipi_image_hotspot dipi_image_hotspot_0\">\n\t\t\t\t\n\t\t\t\t\n\t\t\t\t\n\t\t\t\t\n\t\t\t\t\n\t\t\t\t\n\t\t\t\t<div class=\"et_pb_module_inner\">\n\t\t\t\t\t\n\t\t\t<div class=\"dipi-image-hotspot dipi-trigger_on_click-off\" data-order-number=\"0\">\n\t\t\t\t<img decoding=\"async\" src=\"&#8221;https:\/\/relay-hay.com\/wp-content\/uploads\/2025\/05\/Background-Hotspot-module-288&#215;277-1.png&#8221;\" class=\"dipi-hotspot-bg-image-main\" alt=\"\">\n\t\t\t\t\n\t\t\t<\/div>\n\t\t\t\t<\/div>\n\t\t\t<\/div><\/p>","protected":false},"author":2,"featured_media":0,"parent":0,"menu_order":0,"comment_status":"closed","ping_status":"closed","template":"","meta":{"_et_pb_use_builder":"on","_et_pb_old_content":"","_et_gb_content_width":"","inline_featured_image":false,"footnotes":""},"dipi_cpt_category":[],"class_list":["post-249","page","type-page","status-publish","hentry"],"yoast_head":"<!-- This site is optimized with the Yoast SEO plugin v27.3 - https:\/\/yoast.com\/product\/yoast-seo-wordpress\/ -->\n<title>Game - Hay<\/title>\n<meta name=\"robots\" content=\"noindex, follow, max-snippet:-1, max-image-preview:large, max-video-preview:-1\" \/>\n<meta property=\"og:locale\" content=\"fr_FR\" \/>\n<meta property=\"og:type\" content=\"article\" \/>\n<meta property=\"og:title\" content=\"Game - Hay\" \/>\n<meta property=\"og:description\" content=\"GameTouch the red circles to play with HAY\" \/>\n<meta property=\"og:url\" content=\"https:\/\/relay-hay.com\/fr\/game\/\" \/>\n<meta property=\"og:site_name\" content=\"Hay\" \/>\n<meta property=\"article:modified_time\" content=\"2025-06-09T11:20:26+00:00\" \/>\n<meta property=\"og:image\" content=\"https:\/\/relay-hay.com\/wp-content\/uploads\/2025\/06\/Groupe-327.svg\" \/>\n<meta name=\"twitter:card\" content=\"summary_large_image\" \/>\n<meta name=\"twitter:label1\" content=\"Dur\u00e9e de lecture estim\u00e9e\" \/>\n\t<meta name=\"twitter:data1\" content=\"1 minute\" \/>\n<script type=\"application\/ld+json\" class=\"yoast-schema-graph\">{\"@context\":\"https:\\\/\\\/schema.org\",\"@graph\":[{\"@type\":\"WebPage\",\"@id\":\"https:\\\/\\\/relay-hay.com\\\/game\\\/\",\"url\":\"https:\\\/\\\/relay-hay.com\\\/game\\\/\",\"name\":\"Game - Hay\",\"isPartOf\":{\"@id\":\"https:\\\/\\\/relay-hay.com\\\/#website\"},\"primaryImageOfPage\":{\"@id\":\"https:\\\/\\\/relay-hay.com\\\/game\\\/#primaryimage\"},\"image\":{\"@id\":\"https:\\\/\\\/relay-hay.com\\\/game\\\/#primaryimage\"},\"thumbnailUrl\":\"https:\\\/\\\/relay-hay.com\\\/wp-content\\\/uploads\\\/2025\\\/06\\\/Groupe-327.svg\",\"datePublished\":\"2025-05-16T21:22:16+00:00\",\"dateModified\":\"2025-06-09T11:20:26+00:00\",\"breadcrumb\":{\"@id\":\"https:\\\/\\\/relay-hay.com\\\/game\\\/#breadcrumb\"},\"inLanguage\":\"fr-FR\",\"potentialAction\":[{\"@type\":\"ReadAction\",\"target\":[\"https:\\\/\\\/relay-hay.com\\\/game\\\/\"]}]},{\"@type\":\"ImageObject\",\"inLanguage\":\"fr-FR\",\"@id\":\"https:\\\/\\\/relay-hay.com\\\/game\\\/#primaryimage\",\"url\":\"https:\\\/\\\/relay-hay.com\\\/wp-content\\\/uploads\\\/2025\\\/06\\\/Groupe-327.svg\",\"contentUrl\":\"https:\\\/\\\/relay-hay.com\\\/wp-content\\\/uploads\\\/2025\\\/06\\\/Groupe-327.svg\"},{\"@type\":\"BreadcrumbList\",\"@id\":\"https:\\\/\\\/relay-hay.com\\\/game\\\/#breadcrumb\",\"itemListElement\":[{\"@type\":\"ListItem\",\"position\":1,\"name\":\"Accueil\",\"item\":\"https:\\\/\\\/relay-hay.com\\\/\"},{\"@type\":\"ListItem\",\"position\":2,\"name\":\"Game\"}]},{\"@type\":\"WebSite\",\"@id\":\"https:\\\/\\\/relay-hay.com\\\/#website\",\"url\":\"https:\\\/\\\/relay-hay.com\\\/\",\"name\":\"Hay\",\"description\":\"Relay\",\"potentialAction\":[{\"@type\":\"SearchAction\",\"target\":{\"@type\":\"EntryPoint\",\"urlTemplate\":\"https:\\\/\\\/relay-hay.com\\\/?s={search_term_string}\"},\"query-input\":{\"@type\":\"PropertyValueSpecification\",\"valueRequired\":true,\"valueName\":\"search_term_string\"}}],\"inLanguage\":\"fr-FR\"}]}<\/script>\n<!-- \/ Yoast SEO plugin. -->","yoast_head_json":{"title":"Game - Hay","robots":{"index":"noindex","follow":"follow","max-snippet":"max-snippet:-1","max-image-preview":"max-image-preview:large","max-video-preview":"max-video-preview:-1"},"og_locale":"fr_FR","og_type":"article","og_title":"Game - Hay","og_description":"GameTouch the red circles to play with HAY","og_url":"https:\/\/relay-hay.com\/fr\/game\/","og_site_name":"Hay","article_modified_time":"2025-06-09T11:20:26+00:00","og_image":[{"url":"https:\/\/relay-hay.com\/wp-content\/uploads\/2025\/06\/Groupe-327.svg","type":"","width":"","height":""}],"twitter_card":"summary_large_image","twitter_misc":{"Dur\u00e9e de lecture estim\u00e9e":"1 minute"},"schema":{"@context":"https:\/\/schema.org","@graph":[{"@type":"WebPage","@id":"https:\/\/relay-hay.com\/game\/","url":"https:\/\/relay-hay.com\/game\/","name":"Game - Hay","isPartOf":{"@id":"https:\/\/relay-hay.com\/#website"},"primaryImageOfPage":{"@id":"https:\/\/relay-hay.com\/game\/#primaryimage"},"image":{"@id":"https:\/\/relay-hay.com\/game\/#primaryimage"},"thumbnailUrl":"https:\/\/relay-hay.com\/wp-content\/uploads\/2025\/06\/Groupe-327.svg","datePublished":"2025-05-16T21:22:16+00:00","dateModified":"2025-06-09T11:20:26+00:00","breadcrumb":{"@id":"https:\/\/relay-hay.com\/game\/#breadcrumb"},"inLanguage":"fr-FR","potentialAction":[{"@type":"ReadAction","target":["https:\/\/relay-hay.com\/game\/"]}]},{"@type":"ImageObject","inLanguage":"fr-FR","@id":"https:\/\/relay-hay.com\/game\/#primaryimage","url":"https:\/\/relay-hay.com\/wp-content\/uploads\/2025\/06\/Groupe-327.svg","contentUrl":"https:\/\/relay-hay.com\/wp-content\/uploads\/2025\/06\/Groupe-327.svg"},{"@type":"BreadcrumbList","@id":"https:\/\/relay-hay.com\/game\/#breadcrumb","itemListElement":[{"@type":"ListItem","position":1,"name":"Accueil","item":"https:\/\/relay-hay.com\/"},{"@type":"ListItem","position":2,"name":"Game"}]},{"@type":"WebSite","@id":"https:\/\/relay-hay.com\/#website","url":"https:\/\/relay-hay.com\/","name":"Hay","description":"Relay","potentialAction":[{"@type":"SearchAction","target":{"@type":"EntryPoint","urlTemplate":"https:\/\/relay-hay.com\/?s={search_term_string}"},"query-input":{"@type":"PropertyValueSpecification","valueRequired":true,"valueName":"search_term_string"}}],"inLanguage":"fr-FR"}]}},"_links":{"self":[{"href":"https:\/\/relay-hay.com\/fr\/wp-json\/wp\/v2\/pages\/249","targetHints":{"allow":["GET"]}}],"collection":[{"href":"https:\/\/relay-hay.com\/fr\/wp-json\/wp\/v2\/pages"}],"about":[{"href":"https:\/\/relay-hay.com\/fr\/wp-json\/wp\/v2\/types\/page"}],"author":[{"embeddable":true,"href":"https:\/\/relay-hay.com\/fr\/wp-json\/wp\/v2\/users\/2"}],"replies":[{"embeddable":true,"href":"https:\/\/relay-hay.com\/fr\/wp-json\/wp\/v2\/comments?post=249"}],"version-history":[{"count":100,"href":"https:\/\/relay-hay.com\/fr\/wp-json\/wp\/v2\/pages\/249\/revisions"}],"predecessor-version":[{"id":250532,"href":"https:\/\/relay-hay.com\/fr\/wp-json\/wp\/v2\/pages\/249\/revisions\/250532"}],"wp:attachment":[{"href":"https:\/\/relay-hay.com\/fr\/wp-json\/wp\/v2\/media?parent=249"}],"wp:term":[{"taxonomy":"dipi_cpt_category","embeddable":true,"href":"https:\/\/relay-hay.com\/fr\/wp-json\/wp\/v2\/dipi_cpt_category?post=249"}],"curies":[{"name":"wp","href":"https:\/\/api.w.org\/{rel}","templated":true}]}}